{"id":1416,"date":"2016-11-29T09:53:27","date_gmt":"2016-11-29T09:53:27","guid":{"rendered":"https:\/\/mahrsysteme.de\/systemaufstellungen-familienaufstellungen\/"},"modified":"2019-12-20T10:36:41","modified_gmt":"2019-12-20T10:36:41","slug":"systemaufstellungen-familienaufstellungen","status":"publish","type":"page","link":"https:\/\/mahrsysteme.de\/en\/","title":{"rendered":"Dr. med. Albrecht Mahr"},"content":{"rendered":"<h3>M.D. &#8211; Specialist in Psychosomatic Medicine<br \/>\nand Psychotherapy, Psychoanalysis,<br \/>\nSystems Therapy<\/h3>\n<p>Unterer Dallenbergweg 40<br \/>\n97082 W\u00fcrzburg<br \/>\nPhone: 0931 7840-100<br \/>\nFax: 0931 7840-101<br \/>\nEmail:\u00a0A.u.B.Mahr[at]t-online[dot]de<\/p>\n<h3>Welcome,<\/h3>\n<p>Thank you for visiting our website. If you have any questions about our work that you would like to ask us personally, please feel free to contact us by telephone.<\/p>\n<p>We offer online registration for our seminars.\u00a0You will find the link to the registration form on the respective seminar page. Your registration will be valid only after you have received our confirmation by mail.<\/p>\n<p>&nbsp;<\/p>\n<p><strong>About our work<\/strong><\/p>\n<p><strong>We are offering different forms of Systemic Constellations, namely Family Constellations and Organizational Constellations.<\/strong><\/p>\n<p>The ISAIL &#8211; Institute for Systemic Constellation Work and Integrative Solutions &#8211; offers family constellation work in the therapeutic context for individuals who wish to unburden their lives from restricting childhood influences. Unhealthy and outdated systemic patterns can keep us arrested in ways that painfully limit the unfoldment of our human potential in many areas in life. We may experience dissatisfaction in our work or in our love relationships while feeling helpless to bring about change. Family constellation work can make these unhealthy connections visible and lead to understanding of the barriers. This can have a fundamentally changing effect on relationships which in turn opens up completely new perspectives for those individuals affected.<\/p>\n<p>In our seminars, in the year-long group and in the supervision groups, we offer a theoretically well-founded and experientially focused practice of systemic constellation work. This includes constellation work with families, organizations and other groups in different contexts.<\/p>\n","protected":false},"excerpt":{"rendered":"<p>M.D. &#8211; Specialist in Psychosomatic Medicine and Psychotherapy, Psychoanalysis, Systems Therapy Unterer Dallenbergweg 40 97082 W\u00fcrzburg Phone: 0931 7840-100 Fax: 0931 7840-101 Email:\u00a0A.u.B.Mahr[at]t-online[dot]de Welcome, Thank you for visiting our website. If you have any questions about our work that you would like to ask us personally, please feel free to contact us by telephone. We &hellip; <a href=\"https:\/\/mahrsysteme.de\/en\/\" class=\"more-link\">Continue reading<span class=\"screen-reader-text\"> &#8220;Dr. med. Albrecht Mahr&#8221;<\/span><\/a><\/p>\n","protected":false},"author":1,"featured_media":1417,"parent":0,"menu_order":0,"comment_status":"closed","ping_status":"closed","template":"","meta":{"_acf_changed":false,"footnotes":""},"class_list":["post-1416","page","type-page","status-publish","has-post-thumbnail","hentry"],"acf":[],"yoast_head":"<!-- This site is optimized with the Yoast SEO plugin v27.1.1 - https:\/\/yoast.com\/product\/yoast-seo-wordpress\/ -->\n<title>ISAIL - Institut f\u00fcr Systemaufstellungen und Integrative L\u00f6sungen W\u00fcrzburg<\/title>\n<meta name=\"description\" content=\"Wir bieten Familienaufstellungen und Organisationsaufstellungen f\u00fcr Betroffene sowie eine hoch qualifizierte Ausbildung im Bereich der Systemaufstellungen.\" \/>\n<meta name=\"robots\" content=\"index, follow, max-snippet:-1, max-image-preview:large, max-video-preview:-1\" \/>\n<link rel=\"canonical\" href=\"https:\/\/mahrsysteme.de\/?lang=en\" \/>\n<meta property=\"og:locale\" content=\"en_US\" \/>\n<meta property=\"og:type\" content=\"article\" \/>\n<meta property=\"og:title\" content=\"ISAIL - Institut f\u00fcr Systemaufstellungen und Integrative L\u00f6sungen W\u00fcrzburg\" \/>\n<meta property=\"og:description\" content=\"Wir bieten Familienaufstellungen und Organisationsaufstellungen f\u00fcr Betroffene sowie eine hoch qualifizierte Ausbildung im Bereich der Systemaufstellungen.\" \/>\n<meta property=\"og:url\" content=\"https:\/\/mahrsysteme.de\/?lang=en\" \/>\n<meta property=\"og:site_name\" content=\"ISAIL - Institut f\u00fcr Systemaufstellungen und Integrative L\u00f6sungen W\u00fcrzburg\" \/>\n<meta property=\"article:modified_time\" content=\"2019-12-20T10:36:41+00:00\" \/>\n<meta property=\"og:image\" content=\"https:\/\/mahrsysteme.de\/wp-content\/uploads\/2016\/11\/rost2.jpg\" \/>\n\t<meta property=\"og:image:width\" content=\"602\" \/>\n\t<meta property=\"og:image:height\" content=\"353\" \/>\n\t<meta property=\"og:image:type\" content=\"image\/jpeg\" \/>\n<meta name=\"twitter:card\" content=\"summary_large_image\" \/>\n<meta name=\"twitter:label1\" content=\"Est. reading time\" \/>\n\t<meta name=\"twitter:data1\" content=\"1 minute\" \/>\n<script type=\"application\/ld+json\" class=\"yoast-schema-graph\">{\"@context\":\"https:\/\/schema.org\",\"@graph\":[{\"@type\":\"WebPage\",\"@id\":\"https:\/\/mahrsysteme.de\/?lang=en\",\"url\":\"https:\/\/mahrsysteme.de\/?lang=en\",\"name\":\"ISAIL - Institut f\u00fcr Systemaufstellungen und Integrative L\u00f6sungen W\u00fcrzburg\",\"isPartOf\":{\"@id\":\"https:\/\/mahrsysteme.de\/#website\"},\"primaryImageOfPage\":{\"@id\":\"https:\/\/mahrsysteme.de\/?lang=en#primaryimage\"},\"image\":{\"@id\":\"https:\/\/mahrsysteme.de\/?lang=en#primaryimage\"},\"thumbnailUrl\":\"https:\/\/mahrsysteme.de\/wp-content\/uploads\/2016\/11\/rost2.jpg\",\"datePublished\":\"2016-11-29T09:53:27+00:00\",\"dateModified\":\"2019-12-20T10:36:41+00:00\",\"description\":\"Wir bieten Familienaufstellungen und Organisationsaufstellungen f\u00fcr Betroffene sowie eine hoch qualifizierte Ausbildung im Bereich der Systemaufstellungen.\",\"breadcrumb\":{\"@id\":\"https:\/\/mahrsysteme.de\/?lang=en#breadcrumb\"},\"inLanguage\":\"en-US\",\"potentialAction\":[{\"@type\":\"ReadAction\",\"target\":[\"https:\/\/mahrsysteme.de\/?lang=en\"]}]},{\"@type\":\"ImageObject\",\"inLanguage\":\"en-US\",\"@id\":\"https:\/\/mahrsysteme.de\/?lang=en#primaryimage\",\"url\":\"https:\/\/mahrsysteme.de\/wp-content\/uploads\/2016\/11\/rost2.jpg\",\"contentUrl\":\"https:\/\/mahrsysteme.de\/wp-content\/uploads\/2016\/11\/rost2.jpg\",\"width\":602,\"height\":353},{\"@type\":\"BreadcrumbList\",\"@id\":\"https:\/\/mahrsysteme.de\/?lang=en#breadcrumb\",\"itemListElement\":[{\"@type\":\"ListItem\",\"position\":1,\"name\":\"Start\",\"item\":\"https:\/\/mahrsysteme.de\/?lang=en\"},{\"@type\":\"ListItem\",\"position\":2,\"name\":\"Dr. med. Albrecht Mahr\"}]},{\"@type\":\"WebSite\",\"@id\":\"https:\/\/mahrsysteme.de\/#website\",\"url\":\"https:\/\/mahrsysteme.de\/\",\"name\":\"ISAIL - Institut f\u00fcr Systemaufstellungen und Integrative L\u00f6sungen W\u00fcrzburg\",\"description\":\"\",\"potentialAction\":[{\"@type\":\"SearchAction\",\"target\":{\"@type\":\"EntryPoint\",\"urlTemplate\":\"https:\/\/mahrsysteme.de\/?s={search_term_string}\"},\"query-input\":{\"@type\":\"PropertyValueSpecification\",\"valueRequired\":true,\"valueName\":\"search_term_string\"}}],\"inLanguage\":\"en-US\"}]}<\/script>\n<!-- \/ Yoast SEO plugin. -->","yoast_head_json":{"title":"ISAIL - Institut f\u00fcr Systemaufstellungen und Integrative L\u00f6sungen W\u00fcrzburg","description":"Wir bieten Familienaufstellungen und Organisationsaufstellungen f\u00fcr Betroffene sowie eine hoch qualifizierte Ausbildung im Bereich der Systemaufstellungen.","robots":{"index":"index","follow":"follow","max-snippet":"max-snippet:-1","max-image-preview":"max-image-preview:large","max-video-preview":"max-video-preview:-1"},"canonical":"https:\/\/mahrsysteme.de\/?lang=en","og_locale":"en_US","og_type":"article","og_title":"ISAIL - Institut f\u00fcr Systemaufstellungen und Integrative L\u00f6sungen W\u00fcrzburg","og_description":"Wir bieten Familienaufstellungen und Organisationsaufstellungen f\u00fcr Betroffene sowie eine hoch qualifizierte Ausbildung im Bereich der Systemaufstellungen.","og_url":"https:\/\/mahrsysteme.de\/?lang=en","og_site_name":"ISAIL - Institut f\u00fcr Systemaufstellungen und Integrative L\u00f6sungen W\u00fcrzburg","article_modified_time":"2019-12-20T10:36:41+00:00","og_image":[{"width":602,"height":353,"url":"https:\/\/mahrsysteme.de\/wp-content\/uploads\/2016\/11\/rost2.jpg","type":"image\/jpeg"}],"twitter_card":"summary_large_image","twitter_misc":{"Est. reading time":"1 minute"},"schema":{"@context":"https:\/\/schema.org","@graph":[{"@type":"WebPage","@id":"https:\/\/mahrsysteme.de\/?lang=en","url":"https:\/\/mahrsysteme.de\/?lang=en","name":"ISAIL - Institut f\u00fcr Systemaufstellungen und Integrative L\u00f6sungen W\u00fcrzburg","isPartOf":{"@id":"https:\/\/mahrsysteme.de\/#website"},"primaryImageOfPage":{"@id":"https:\/\/mahrsysteme.de\/?lang=en#primaryimage"},"image":{"@id":"https:\/\/mahrsysteme.de\/?lang=en#primaryimage"},"thumbnailUrl":"https:\/\/mahrsysteme.de\/wp-content\/uploads\/2016\/11\/rost2.jpg","datePublished":"2016-11-29T09:53:27+00:00","dateModified":"2019-12-20T10:36:41+00:00","description":"Wir bieten Familienaufstellungen und Organisationsaufstellungen f\u00fcr Betroffene sowie eine hoch qualifizierte Ausbildung im Bereich der Systemaufstellungen.","breadcrumb":{"@id":"https:\/\/mahrsysteme.de\/?lang=en#breadcrumb"},"inLanguage":"en-US","potentialAction":[{"@type":"ReadAction","target":["https:\/\/mahrsysteme.de\/?lang=en"]}]},{"@type":"ImageObject","inLanguage":"en-US","@id":"https:\/\/mahrsysteme.de\/?lang=en#primaryimage","url":"https:\/\/mahrsysteme.de\/wp-content\/uploads\/2016\/11\/rost2.jpg","contentUrl":"https:\/\/mahrsysteme.de\/wp-content\/uploads\/2016\/11\/rost2.jpg","width":602,"height":353},{"@type":"BreadcrumbList","@id":"https:\/\/mahrsysteme.de\/?lang=en#breadcrumb","itemListElement":[{"@type":"ListItem","position":1,"name":"Start","item":"https:\/\/mahrsysteme.de\/?lang=en"},{"@type":"ListItem","position":2,"name":"Dr. med. Albrecht Mahr"}]},{"@type":"WebSite","@id":"https:\/\/mahrsysteme.de\/#website","url":"https:\/\/mahrsysteme.de\/","name":"ISAIL - Institut f\u00fcr Systemaufstellungen und Integrative L\u00f6sungen W\u00fcrzburg","description":"","potentialAction":[{"@type":"SearchAction","target":{"@type":"EntryPoint","urlTemplate":"https:\/\/mahrsysteme.de\/?s={search_term_string}"},"query-input":{"@type":"PropertyValueSpecification","valueRequired":true,"valueName":"search_term_string"}}],"inLanguage":"en-US"}]}},"_links":{"self":[{"href":"https:\/\/mahrsysteme.de\/en\/wp-json\/wp\/v2\/pages\/1416","targetHints":{"allow":["GET"]}}],"collection":[{"href":"https:\/\/mahrsysteme.de\/en\/wp-json\/wp\/v2\/pages"}],"about":[{"href":"https:\/\/mahrsysteme.de\/en\/wp-json\/wp\/v2\/types\/page"}],"author":[{"embeddable":true,"href":"https:\/\/mahrsysteme.de\/en\/wp-json\/wp\/v2\/users\/1"}],"replies":[{"embeddable":true,"href":"https:\/\/mahrsysteme.de\/en\/wp-json\/wp\/v2\/comments?post=1416"}],"version-history":[{"count":0,"href":"https:\/\/mahrsysteme.de\/en\/wp-json\/wp\/v2\/pages\/1416\/revisions"}],"wp:featuredmedia":[{"embeddable":true,"href":"https:\/\/mahrsysteme.de\/en\/wp-json\/wp\/v2\/media\/1417"}],"wp:attachment":[{"href":"https:\/\/mahrsysteme.de\/en\/wp-json\/wp\/v2\/media?parent=1416"}],"curies":[{"name":"wp","href":"https:\/\/api.w.org\/{rel}","templated":true}]}}