{"id":1420,"date":"2019-12-17T09:33:40","date_gmt":"2019-12-17T09:33:40","guid":{"rendered":"https:\/\/mahrsysteme.de\/?page_id=1420"},"modified":"2019-12-20T12:20:16","modified_gmt":"2019-12-20T12:20:16","slug":"institute","status":"publish","type":"page","link":"https:\/\/mahrsysteme.de\/en\/institute\/","title":{"rendered":"Institute"},"content":{"rendered":"<h2>Head of the institute and seminar facilitator<\/h2>\n<p><strong><a href=\"https:\/\/mahrsysteme.de\/wp-content\/uploads\/2019\/12\/albrecht_mahr-150x150.jpg\"><img loading=\"lazy\" decoding=\"async\" class=\"alignleft wp-image-1490\" src=\"https:\/\/mahrsysteme.de\/wp-content\/uploads\/2019\/12\/albrecht_mahr-150x150.jpg\" alt=\"Foto Albrecht Mahr\" width=\"102\" height=\"133\" srcset=\"https:\/\/mahrsysteme.de\/wp-content\/uploads\/2019\/12\/albrecht_mahr-229x300.jpg 229w, https:\/\/mahrsysteme.de\/wp-content\/uploads\/2019\/12\/albrecht_mahr.jpg 334w\" sizes=\"auto, (max-width: 102px) 85vw, 102px\" \/><\/a>Albrecht Mahr M.D.<\/strong><\/p>\n<p>Expert in psychosomatic medicine and psychotherapy, psychoanalysis and systems therapy. Married to Brigitta Mahr, father of two adult children.\u00a0He is the founder and director of ISAIL &#8211; Institute for Systems Constellations and Integrative Solutions, offering family and <strong>systemic constellations work in Germany and internationally<\/strong>: family constellations for clients, the year-long intensive group &#8220;In life phases that are moving\u00a0 the heart&#8221; and supervision groups for therapists, counselors and consultants.<\/p>\n<p>Author of numerous texts and articles on systemic constellations, editor of &#8220;Konfliktfelder &#8211; Wissende Felder, Systemaufstellungen in der Friedens- und Vers\u00f6hnungsarbeit&#8221; (&#8220;Fields of Conflict \u2013 Field of Wisdom&#8221; \u2013 Systemic Constellation Work in Peace and Reconciliation Work) in 2003, author of &#8220;Von den Illusionen einer unbeschwerten Kindheit und dem Gl\u00fcck, erwachsen zu sein&#8221; (&#8220;On the illusions of a carefree childhood and the luck of being adult.&#8221; ) in 2016, in German only.<\/p>\n<p>Since 2011 participant of the &#8220;Ridhwan&#8221; training, the combination of psychoanalytically based depth psychology and non-denominational spirituality. The Ridhwan work gets continuously integrated into the above-mentioned constellation work.<\/p>\n","protected":false},"excerpt":{"rendered":"<p>Head of the institute and seminar facilitator Albrecht Mahr M.D. Expert in psychosomatic medicine and psychotherapy, psychoanalysis and systems therapy. Married to Brigitta Mahr, father of two adult children.\u00a0He is the founder and director of ISAIL &#8211; Institute for Systems Constellations and Integrative Solutions, offering family and systemic constellations work in Germany and internationally: family &hellip; <a href=\"https:\/\/mahrsysteme.de\/en\/institute\/\" class=\"more-link\">Continue reading<span class=\"screen-reader-text\"> &#8220;Institute&#8221;<\/span><\/a><\/p>\n","protected":false},"author":1,"featured_media":1421,"parent":0,"menu_order":0,"comment_status":"closed","ping_status":"closed","template":"","meta":{"_acf_changed":false,"footnotes":""},"class_list":["post-1420","page","type-page","status-publish","has-post-thumbnail","hentry"],"acf":[],"yoast_head":"<!-- This site is optimized with the Yoast SEO plugin v27.1.1 - https:\/\/yoast.com\/product\/yoast-seo-wordpress\/ -->\n<title>Institute - ISAIL - Institut f\u00fcr Systemaufstellungen und Integrative L\u00f6sungen W\u00fcrzburg<\/title>\n<meta name=\"robots\" content=\"index, follow, max-snippet:-1, max-image-preview:large, max-video-preview:-1\" \/>\n<link rel=\"canonical\" href=\"https:\/\/mahrsysteme.de\/institute\/?lang=en\" \/>\n<meta property=\"og:locale\" content=\"en_US\" \/>\n<meta property=\"og:type\" content=\"article\" \/>\n<meta property=\"og:title\" content=\"Institute - ISAIL - Institut f\u00fcr Systemaufstellungen und Integrative L\u00f6sungen W\u00fcrzburg\" \/>\n<meta property=\"og:description\" content=\"Head of the institute and seminar facilitator Albrecht Mahr M.D. Expert in psychosomatic medicine and psychotherapy, psychoanalysis and systems therapy. Married to Brigitta Mahr, father of two adult children.\u00a0He is the founder and director of ISAIL &#8211; Institute for Systems Constellations and Integrative Solutions, offering family and systemic constellations work in Germany and internationally: family &hellip; Continue reading &quot;Institute&quot;\" \/>\n<meta property=\"og:url\" content=\"https:\/\/mahrsysteme.de\/institute\/?lang=en\" \/>\n<meta property=\"og:site_name\" content=\"ISAIL - Institut f\u00fcr Systemaufstellungen und Integrative L\u00f6sungen W\u00fcrzburg\" \/>\n<meta property=\"article:modified_time\" content=\"2019-12-20T12:20:16+00:00\" \/>\n<meta property=\"og:image\" content=\"https:\/\/mahrsysteme.de\/wp-content\/uploads\/2016\/11\/balublau1.jpg\" \/>\n\t<meta property=\"og:image:width\" content=\"602\" \/>\n\t<meta property=\"og:image:height\" content=\"353\" \/>\n\t<meta property=\"og:image:type\" content=\"image\/jpeg\" \/>\n<meta name=\"twitter:card\" content=\"summary_large_image\" \/>\n<meta name=\"twitter:label1\" content=\"Est. reading time\" \/>\n\t<meta name=\"twitter:data1\" content=\"1 minute\" \/>\n<script type=\"application\/ld+json\" class=\"yoast-schema-graph\">{\"@context\":\"https:\/\/schema.org\",\"@graph\":[{\"@type\":\"WebPage\",\"@id\":\"https:\/\/mahrsysteme.de\/institute\/?lang=en\",\"url\":\"https:\/\/mahrsysteme.de\/institute\/?lang=en\",\"name\":\"Institute - ISAIL - Institut f\u00fcr Systemaufstellungen und Integrative L\u00f6sungen W\u00fcrzburg\",\"isPartOf\":{\"@id\":\"https:\/\/mahrsysteme.de\/#website\"},\"primaryImageOfPage\":{\"@id\":\"https:\/\/mahrsysteme.de\/institute\/?lang=en#primaryimage\"},\"image\":{\"@id\":\"https:\/\/mahrsysteme.de\/institute\/?lang=en#primaryimage\"},\"thumbnailUrl\":\"https:\/\/mahrsysteme.de\/wp-content\/uploads\/2016\/11\/balublau1.jpg\",\"datePublished\":\"2019-12-17T09:33:40+00:00\",\"dateModified\":\"2019-12-20T12:20:16+00:00\",\"breadcrumb\":{\"@id\":\"https:\/\/mahrsysteme.de\/institute\/?lang=en#breadcrumb\"},\"inLanguage\":\"en-US\",\"potentialAction\":[{\"@type\":\"ReadAction\",\"target\":[\"https:\/\/mahrsysteme.de\/institute\/?lang=en\"]}]},{\"@type\":\"ImageObject\",\"inLanguage\":\"en-US\",\"@id\":\"https:\/\/mahrsysteme.de\/institute\/?lang=en#primaryimage\",\"url\":\"https:\/\/mahrsysteme.de\/wp-content\/uploads\/2016\/11\/balublau1.jpg\",\"contentUrl\":\"https:\/\/mahrsysteme.de\/wp-content\/uploads\/2016\/11\/balublau1.jpg\",\"width\":602,\"height\":353},{\"@type\":\"BreadcrumbList\",\"@id\":\"https:\/\/mahrsysteme.de\/institute\/?lang=en#breadcrumb\",\"itemListElement\":[{\"@type\":\"ListItem\",\"position\":1,\"name\":\"Start\",\"item\":\"https:\/\/mahrsysteme.de\/?lang=en\"},{\"@type\":\"ListItem\",\"position\":2,\"name\":\"Institute\"}]},{\"@type\":\"WebSite\",\"@id\":\"https:\/\/mahrsysteme.de\/#website\",\"url\":\"https:\/\/mahrsysteme.de\/\",\"name\":\"ISAIL - Institut f\u00fcr Systemaufstellungen und Integrative L\u00f6sungen W\u00fcrzburg\",\"description\":\"\",\"potentialAction\":[{\"@type\":\"SearchAction\",\"target\":{\"@type\":\"EntryPoint\",\"urlTemplate\":\"https:\/\/mahrsysteme.de\/?s={search_term_string}\"},\"query-input\":{\"@type\":\"PropertyValueSpecification\",\"valueRequired\":true,\"valueName\":\"search_term_string\"}}],\"inLanguage\":\"en-US\"}]}<\/script>\n<!-- \/ Yoast SEO plugin. -->","yoast_head_json":{"title":"Institute - ISAIL - Institut f\u00fcr Systemaufstellungen und Integrative L\u00f6sungen W\u00fcrzburg","robots":{"index":"index","follow":"follow","max-snippet":"max-snippet:-1","max-image-preview":"max-image-preview:large","max-video-preview":"max-video-preview:-1"},"canonical":"https:\/\/mahrsysteme.de\/institute\/?lang=en","og_locale":"en_US","og_type":"article","og_title":"Institute - ISAIL - Institut f\u00fcr Systemaufstellungen und Integrative L\u00f6sungen W\u00fcrzburg","og_description":"Head of the institute and seminar facilitator Albrecht Mahr M.D. Expert in psychosomatic medicine and psychotherapy, psychoanalysis and systems therapy. Married to Brigitta Mahr, father of two adult children.\u00a0He is the founder and director of ISAIL &#8211; Institute for Systems Constellations and Integrative Solutions, offering family and systemic constellations work in Germany and internationally: family &hellip; Continue reading \"Institute\"","og_url":"https:\/\/mahrsysteme.de\/institute\/?lang=en","og_site_name":"ISAIL - Institut f\u00fcr Systemaufstellungen und Integrative L\u00f6sungen W\u00fcrzburg","article_modified_time":"2019-12-20T12:20:16+00:00","og_image":[{"width":602,"height":353,"url":"https:\/\/mahrsysteme.de\/wp-content\/uploads\/2016\/11\/balublau1.jpg","type":"image\/jpeg"}],"twitter_card":"summary_large_image","twitter_misc":{"Est. reading time":"1 minute"},"schema":{"@context":"https:\/\/schema.org","@graph":[{"@type":"WebPage","@id":"https:\/\/mahrsysteme.de\/institute\/?lang=en","url":"https:\/\/mahrsysteme.de\/institute\/?lang=en","name":"Institute - ISAIL - Institut f\u00fcr Systemaufstellungen und Integrative L\u00f6sungen W\u00fcrzburg","isPartOf":{"@id":"https:\/\/mahrsysteme.de\/#website"},"primaryImageOfPage":{"@id":"https:\/\/mahrsysteme.de\/institute\/?lang=en#primaryimage"},"image":{"@id":"https:\/\/mahrsysteme.de\/institute\/?lang=en#primaryimage"},"thumbnailUrl":"https:\/\/mahrsysteme.de\/wp-content\/uploads\/2016\/11\/balublau1.jpg","datePublished":"2019-12-17T09:33:40+00:00","dateModified":"2019-12-20T12:20:16+00:00","breadcrumb":{"@id":"https:\/\/mahrsysteme.de\/institute\/?lang=en#breadcrumb"},"inLanguage":"en-US","potentialAction":[{"@type":"ReadAction","target":["https:\/\/mahrsysteme.de\/institute\/?lang=en"]}]},{"@type":"ImageObject","inLanguage":"en-US","@id":"https:\/\/mahrsysteme.de\/institute\/?lang=en#primaryimage","url":"https:\/\/mahrsysteme.de\/wp-content\/uploads\/2016\/11\/balublau1.jpg","contentUrl":"https:\/\/mahrsysteme.de\/wp-content\/uploads\/2016\/11\/balublau1.jpg","width":602,"height":353},{"@type":"BreadcrumbList","@id":"https:\/\/mahrsysteme.de\/institute\/?lang=en#breadcrumb","itemListElement":[{"@type":"ListItem","position":1,"name":"Start","item":"https:\/\/mahrsysteme.de\/?lang=en"},{"@type":"ListItem","position":2,"name":"Institute"}]},{"@type":"WebSite","@id":"https:\/\/mahrsysteme.de\/#website","url":"https:\/\/mahrsysteme.de\/","name":"ISAIL - Institut f\u00fcr Systemaufstellungen und Integrative L\u00f6sungen W\u00fcrzburg","description":"","potentialAction":[{"@type":"SearchAction","target":{"@type":"EntryPoint","urlTemplate":"https:\/\/mahrsysteme.de\/?s={search_term_string}"},"query-input":{"@type":"PropertyValueSpecification","valueRequired":true,"valueName":"search_term_string"}}],"inLanguage":"en-US"}]}},"_links":{"self":[{"href":"https:\/\/mahrsysteme.de\/en\/wp-json\/wp\/v2\/pages\/1420","targetHints":{"allow":["GET"]}}],"collection":[{"href":"https:\/\/mahrsysteme.de\/en\/wp-json\/wp\/v2\/pages"}],"about":[{"href":"https:\/\/mahrsysteme.de\/en\/wp-json\/wp\/v2\/types\/page"}],"author":[{"embeddable":true,"href":"https:\/\/mahrsysteme.de\/en\/wp-json\/wp\/v2\/users\/1"}],"replies":[{"embeddable":true,"href":"https:\/\/mahrsysteme.de\/en\/wp-json\/wp\/v2\/comments?post=1420"}],"version-history":[{"count":0,"href":"https:\/\/mahrsysteme.de\/en\/wp-json\/wp\/v2\/pages\/1420\/revisions"}],"wp:featuredmedia":[{"embeddable":true,"href":"https:\/\/mahrsysteme.de\/en\/wp-json\/wp\/v2\/media\/1421"}],"wp:attachment":[{"href":"https:\/\/mahrsysteme.de\/en\/wp-json\/wp\/v2\/media?parent=1420"}],"curies":[{"name":"wp","href":"https:\/\/api.w.org\/{rel}","templated":true}]}}