{"id":1424,"date":"2019-12-17T09:39:23","date_gmt":"2019-12-17T09:39:23","guid":{"rendered":"https:\/\/mahrsysteme.de\/?page_id=1424"},"modified":"2019-12-20T10:44:23","modified_gmt":"2019-12-20T10:44:23","slug":"management","status":"publish","type":"page","link":"https:\/\/mahrsysteme.de\/en\/management\/","title":{"rendered":"Management"},"content":{"rendered":"<h2>Management, Seminar Organization<\/h2>\n<p><strong>Brigitta Mahr<\/strong><\/p>\n<p><a href=\"https:\/\/mahrsysteme.de\/wp-content\/uploads\/2019\/09\/brigitta1-e1568355814998.jpg\"><img loading=\"lazy\" decoding=\"async\" class=\"alignleft wp-image-1290\" src=\"https:\/\/mahrsysteme.de\/wp-content\/uploads\/2019\/09\/brigitta1-e1568355814998.jpg\" alt=\"\" width=\"104\" height=\"135\" srcset=\"https:\/\/mahrsysteme.de\/wp-content\/uploads\/2019\/09\/brigitta1-e1568355814998.jpg 364w, https:\/\/mahrsysteme.de\/wp-content\/uploads\/2019\/09\/brigitta1-e1568355814998-232x300.jpg 232w\" sizes=\"auto, (max-width: 104px) 85vw, 104px\" \/><\/a><\/p>\n<p><strong>Brigitta Mahr was born in 1950 and is married to Dr. Albrecht Mahr.<\/strong> Together they have two grown up children. Brigitta Mahr started her career as a medical technical assistant, became yoga and meditation teacher BDY\/EYU (professional association of yoga teachers). She is an authorized meditation teacher trained by P. Willigis J\u00e4ger (Zen) and Ayya Khema (Vipassana). Since 2001 she studies the Ridhwan Approach according to its founder A.H. Almaas. From 2001 to 2011, together with her husband, she initiated and organized the international conferences &#8220;Fields of Conflict \u2013 Fields of Wisdom\u201d.\u00a0In 2003 Brigitta Mahr founded the international association &#8220;FAB &#8211; Friendship Across Borders e.V.&#8221; with the support of Albrecht Mahr. FAB is an initiative for mutual understanding and reconciliation between young adults from Palestine, Israel and Germany. Through the years 2005 to 2009 she developed and managed the &#8220;Peace Carrier Training&#8221;. The training leads students through a\u00a0program which aims at building mutual, cross-border empathy by consciously and carefully dealing with emotional, individual and collective conflicts and traumas. It is supported and maintained by professional mentors from the 3 participating countries. Since 2015 she offers trips to Auschwitz\/Birkenau under the title &#8220;Let me see through your eyes&#8221; as part of her peace work.<\/p>\n","protected":false},"excerpt":{"rendered":"<p>Management, Seminar Organization Brigitta Mahr Brigitta Mahr was born in 1950 and is married to Dr. Albrecht Mahr. Together they have two grown up children. Brigitta Mahr started her career as a medical technical assistant, became yoga and meditation teacher BDY\/EYU (professional association of yoga teachers). She is an authorized meditation teacher trained by P. &hellip; <a href=\"https:\/\/mahrsysteme.de\/en\/management\/\" class=\"more-link\">Continue reading<span class=\"screen-reader-text\"> &#8220;Management&#8221;<\/span><\/a><\/p>\n","protected":false},"author":1,"featured_media":1428,"parent":0,"menu_order":0,"comment_status":"closed","ping_status":"closed","template":"","meta":{"_acf_changed":false,"footnotes":""},"class_list":["post-1424","page","type-page","status-publish","has-post-thumbnail","hentry"],"acf":[],"yoast_head":"<!-- This site is optimized with the Yoast SEO plugin v27.1.1 - https:\/\/yoast.com\/product\/yoast-seo-wordpress\/ -->\n<title>Management - ISAIL - Institut f\u00fcr Systemaufstellungen und Integrative L\u00f6sungen W\u00fcrzburg<\/title>\n<meta name=\"robots\" content=\"index, follow, max-snippet:-1, max-image-preview:large, max-video-preview:-1\" \/>\n<link rel=\"canonical\" href=\"https:\/\/mahrsysteme.de\/management\/?lang=en\" \/>\n<meta property=\"og:locale\" content=\"en_US\" \/>\n<meta property=\"og:type\" content=\"article\" \/>\n<meta property=\"og:title\" content=\"Management - ISAIL - Institut f\u00fcr Systemaufstellungen und Integrative L\u00f6sungen W\u00fcrzburg\" \/>\n<meta property=\"og:description\" content=\"Management, Seminar Organization Brigitta Mahr Brigitta Mahr was born in 1950 and is married to Dr. Albrecht Mahr. Together they have two grown up children. Brigitta Mahr started her career as a medical technical assistant, became yoga and meditation teacher BDY\/EYU (professional association of yoga teachers). She is an authorized meditation teacher trained by P. &hellip; Continue reading &quot;Management&quot;\" \/>\n<meta property=\"og:url\" content=\"https:\/\/mahrsysteme.de\/management\/?lang=en\" \/>\n<meta property=\"og:site_name\" content=\"ISAIL - Institut f\u00fcr Systemaufstellungen und Integrative L\u00f6sungen W\u00fcrzburg\" \/>\n<meta property=\"article:modified_time\" content=\"2019-12-20T10:44:23+00:00\" \/>\n<meta property=\"og:image\" content=\"https:\/\/mahrsysteme.de\/wp-content\/uploads\/2016\/11\/blaublau.jpg\" \/>\n\t<meta property=\"og:image:width\" content=\"602\" \/>\n\t<meta property=\"og:image:height\" content=\"353\" \/>\n\t<meta property=\"og:image:type\" content=\"image\/jpeg\" \/>\n<meta name=\"twitter:card\" content=\"summary_large_image\" \/>\n<meta name=\"twitter:label1\" content=\"Est. reading time\" \/>\n\t<meta name=\"twitter:data1\" content=\"1 minute\" \/>\n<script type=\"application\/ld+json\" class=\"yoast-schema-graph\">{\"@context\":\"https:\/\/schema.org\",\"@graph\":[{\"@type\":\"WebPage\",\"@id\":\"https:\/\/mahrsysteme.de\/management\/?lang=en\",\"url\":\"https:\/\/mahrsysteme.de\/management\/?lang=en\",\"name\":\"Management - ISAIL - Institut f\u00fcr Systemaufstellungen und Integrative L\u00f6sungen W\u00fcrzburg\",\"isPartOf\":{\"@id\":\"https:\/\/mahrsysteme.de\/#website\"},\"primaryImageOfPage\":{\"@id\":\"https:\/\/mahrsysteme.de\/management\/?lang=en#primaryimage\"},\"image\":{\"@id\":\"https:\/\/mahrsysteme.de\/management\/?lang=en#primaryimage\"},\"thumbnailUrl\":\"https:\/\/mahrsysteme.de\/wp-content\/uploads\/2016\/11\/blaublau.jpg\",\"datePublished\":\"2019-12-17T09:39:23+00:00\",\"dateModified\":\"2019-12-20T10:44:23+00:00\",\"breadcrumb\":{\"@id\":\"https:\/\/mahrsysteme.de\/management\/?lang=en#breadcrumb\"},\"inLanguage\":\"en-US\",\"potentialAction\":[{\"@type\":\"ReadAction\",\"target\":[\"https:\/\/mahrsysteme.de\/management\/?lang=en\"]}]},{\"@type\":\"ImageObject\",\"inLanguage\":\"en-US\",\"@id\":\"https:\/\/mahrsysteme.de\/management\/?lang=en#primaryimage\",\"url\":\"https:\/\/mahrsysteme.de\/wp-content\/uploads\/2016\/11\/blaublau.jpg\",\"contentUrl\":\"https:\/\/mahrsysteme.de\/wp-content\/uploads\/2016\/11\/blaublau.jpg\",\"width\":602,\"height\":353},{\"@type\":\"BreadcrumbList\",\"@id\":\"https:\/\/mahrsysteme.de\/management\/?lang=en#breadcrumb\",\"itemListElement\":[{\"@type\":\"ListItem\",\"position\":1,\"name\":\"Start\",\"item\":\"https:\/\/mahrsysteme.de\/?lang=en\"},{\"@type\":\"ListItem\",\"position\":2,\"name\":\"Management\"}]},{\"@type\":\"WebSite\",\"@id\":\"https:\/\/mahrsysteme.de\/#website\",\"url\":\"https:\/\/mahrsysteme.de\/\",\"name\":\"ISAIL - Institut f\u00fcr Systemaufstellungen und Integrative L\u00f6sungen W\u00fcrzburg\",\"description\":\"\",\"potentialAction\":[{\"@type\":\"SearchAction\",\"target\":{\"@type\":\"EntryPoint\",\"urlTemplate\":\"https:\/\/mahrsysteme.de\/?s={search_term_string}\"},\"query-input\":{\"@type\":\"PropertyValueSpecification\",\"valueRequired\":true,\"valueName\":\"search_term_string\"}}],\"inLanguage\":\"en-US\"}]}<\/script>\n<!-- \/ Yoast SEO plugin. -->","yoast_head_json":{"title":"Management - ISAIL - Institut f\u00fcr Systemaufstellungen und Integrative L\u00f6sungen W\u00fcrzburg","robots":{"index":"index","follow":"follow","max-snippet":"max-snippet:-1","max-image-preview":"max-image-preview:large","max-video-preview":"max-video-preview:-1"},"canonical":"https:\/\/mahrsysteme.de\/management\/?lang=en","og_locale":"en_US","og_type":"article","og_title":"Management - ISAIL - Institut f\u00fcr Systemaufstellungen und Integrative L\u00f6sungen W\u00fcrzburg","og_description":"Management, Seminar Organization Brigitta Mahr Brigitta Mahr was born in 1950 and is married to Dr. Albrecht Mahr. Together they have two grown up children. Brigitta Mahr started her career as a medical technical assistant, became yoga and meditation teacher BDY\/EYU (professional association of yoga teachers). She is an authorized meditation teacher trained by P. &hellip; Continue reading \"Management\"","og_url":"https:\/\/mahrsysteme.de\/management\/?lang=en","og_site_name":"ISAIL - Institut f\u00fcr Systemaufstellungen und Integrative L\u00f6sungen W\u00fcrzburg","article_modified_time":"2019-12-20T10:44:23+00:00","og_image":[{"width":602,"height":353,"url":"https:\/\/mahrsysteme.de\/wp-content\/uploads\/2016\/11\/blaublau.jpg","type":"image\/jpeg"}],"twitter_card":"summary_large_image","twitter_misc":{"Est. reading time":"1 minute"},"schema":{"@context":"https:\/\/schema.org","@graph":[{"@type":"WebPage","@id":"https:\/\/mahrsysteme.de\/management\/?lang=en","url":"https:\/\/mahrsysteme.de\/management\/?lang=en","name":"Management - ISAIL - Institut f\u00fcr Systemaufstellungen und Integrative L\u00f6sungen W\u00fcrzburg","isPartOf":{"@id":"https:\/\/mahrsysteme.de\/#website"},"primaryImageOfPage":{"@id":"https:\/\/mahrsysteme.de\/management\/?lang=en#primaryimage"},"image":{"@id":"https:\/\/mahrsysteme.de\/management\/?lang=en#primaryimage"},"thumbnailUrl":"https:\/\/mahrsysteme.de\/wp-content\/uploads\/2016\/11\/blaublau.jpg","datePublished":"2019-12-17T09:39:23+00:00","dateModified":"2019-12-20T10:44:23+00:00","breadcrumb":{"@id":"https:\/\/mahrsysteme.de\/management\/?lang=en#breadcrumb"},"inLanguage":"en-US","potentialAction":[{"@type":"ReadAction","target":["https:\/\/mahrsysteme.de\/management\/?lang=en"]}]},{"@type":"ImageObject","inLanguage":"en-US","@id":"https:\/\/mahrsysteme.de\/management\/?lang=en#primaryimage","url":"https:\/\/mahrsysteme.de\/wp-content\/uploads\/2016\/11\/blaublau.jpg","contentUrl":"https:\/\/mahrsysteme.de\/wp-content\/uploads\/2016\/11\/blaublau.jpg","width":602,"height":353},{"@type":"BreadcrumbList","@id":"https:\/\/mahrsysteme.de\/management\/?lang=en#breadcrumb","itemListElement":[{"@type":"ListItem","position":1,"name":"Start","item":"https:\/\/mahrsysteme.de\/?lang=en"},{"@type":"ListItem","position":2,"name":"Management"}]},{"@type":"WebSite","@id":"https:\/\/mahrsysteme.de\/#website","url":"https:\/\/mahrsysteme.de\/","name":"ISAIL - Institut f\u00fcr Systemaufstellungen und Integrative L\u00f6sungen W\u00fcrzburg","description":"","potentialAction":[{"@type":"SearchAction","target":{"@type":"EntryPoint","urlTemplate":"https:\/\/mahrsysteme.de\/?s={search_term_string}"},"query-input":{"@type":"PropertyValueSpecification","valueRequired":true,"valueName":"search_term_string"}}],"inLanguage":"en-US"}]}},"_links":{"self":[{"href":"https:\/\/mahrsysteme.de\/en\/wp-json\/wp\/v2\/pages\/1424","targetHints":{"allow":["GET"]}}],"collection":[{"href":"https:\/\/mahrsysteme.de\/en\/wp-json\/wp\/v2\/pages"}],"about":[{"href":"https:\/\/mahrsysteme.de\/en\/wp-json\/wp\/v2\/types\/page"}],"author":[{"embeddable":true,"href":"https:\/\/mahrsysteme.de\/en\/wp-json\/wp\/v2\/users\/1"}],"replies":[{"embeddable":true,"href":"https:\/\/mahrsysteme.de\/en\/wp-json\/wp\/v2\/comments?post=1424"}],"version-history":[{"count":0,"href":"https:\/\/mahrsysteme.de\/en\/wp-json\/wp\/v2\/pages\/1424\/revisions"}],"wp:featuredmedia":[{"embeddable":true,"href":"https:\/\/mahrsysteme.de\/en\/wp-json\/wp\/v2\/media\/1428"}],"wp:attachment":[{"href":"https:\/\/mahrsysteme.de\/en\/wp-json\/wp\/v2\/media?parent=1424"}],"curies":[{"name":"wp","href":"https:\/\/api.w.org\/{rel}","templated":true}]}}