{"id":1436,"date":"2019-12-17T09:55:49","date_gmt":"2019-12-17T09:55:49","guid":{"rendered":"https:\/\/mahrsysteme.de\/?page_id=1436"},"modified":"2019-12-20T10:54:47","modified_gmt":"2019-12-20T10:54:47","slug":"jahresgruppe-2021","status":"publish","type":"page","link":"https:\/\/mahrsysteme.de\/en\/jahresgruppe-2021\/","title":{"rendered":"The 2021 Year-Long Group"},"content":{"rendered":"<h2><strong>In life-phases that are moving our heart<\/strong><\/h2>\n<p>The year-long group for system constellations is a personal and professional training in five modules comprising systemic constellation work, depth psychological and spiritual theory and practice. It is designed for people who are in a particularly important phase of their lives and who seek deeper understanding of their life situation: their relation to themselves, to the people they live and work with, their profession, health, socio-political environment or their vocation.\u00a0The year-long group provides a framework that allows participants to experience and explore their hearts desires and to mutually support each other in a safe environment.<\/p>\n<p>In addition to the practice of self-awareness participants are learning about the psychological theory, techniques and procedures according to the personal training needs.<\/p>\n<hr \/>\n<p><strong>At the centre of this year of training is a spiritual orientation:<\/strong> we see our biographically shaped personality like a gem reflecting through its facets the original aspects our being. The healing of the injuries and wounds of our personality occur in the light of that which is undamaged from the beginning in each and every one of us. The unmistakable criteria for the good results of our work are: they always serve all persons involved and include more clarity, cordiality, benevolence and a warm sense of humor towards ourselves and others.<\/p>\n<hr \/>\n<p><strong>The group is about topics such as:<\/strong><\/p>\n<ul>\n<li>Reconciliation with parents and ancestors<\/li>\n<li>Parenthood, trust in ourselves and in our children.<\/li>\n<li>Intimate relationships: positive change or friendly separation<\/li>\n<li>Difficulty with loss, parting and death<\/li>\n<li>The recognition of self-critical inner voices and their transformation into clarity and\u00a0self-compassion<\/li>\n<li>Physical symptoms and diseases and their systemic meaning<\/li>\n<li>Support with resolving traumas<\/li>\n<li>Professional re-orientation<\/li>\n<li>Understanding ones vocation<\/li>\n<li>Finding our position in times of social and political upheavals<\/li>\n<\/ul>\n<p>Further topics naturally arise from the process of the group.<\/p>\n<hr \/>\n<p><strong>The method:<\/strong><br \/>\nWe use system constellation work in all variations, supported by depth psychological understanding and contemporary psychoanalysis. Additional intensive small group work clarifies and deepens our existential questions and supports our practice in the Now.<\/p>\n<p><strong>Additionally we use:<\/strong><\/p>\n<ul>\n<li>The formation of local groups (peer groups) to continue practicing together between the seminars\u00a0and even beyond the year.<\/li>\n<li>At the end of each module the group is dining together in a cosy nearby restaurant<\/li>\n<li>At the end of the year we have a farewell dinner together with small presentations of each\u00a0participant about the experiences of the passed year.<\/li>\n<\/ul>\n<p>For preparing your participation in that group we suggest reading the book by Albrecht Mahr: \u201eFrom the illusions of a carefree childhood and the good luck of being an adult\u201c (in German only) Scorpio Verlag, published in March 2016.<\/p>\n","protected":false},"excerpt":{"rendered":"<p>In life-phases that are moving our heart The year-long group for system constellations is a personal and professional training in five modules comprising systemic constellation work, depth psychological and spiritual theory and practice. It is designed for people who are in a particularly important phase of their lives and who seek deeper understanding of their &hellip; <a href=\"https:\/\/mahrsysteme.de\/en\/jahresgruppe-2021\/\" class=\"more-link\">Continue reading<span class=\"screen-reader-text\"> &#8220;The 2021 Year-Long Group&#8221;<\/span><\/a><\/p>\n","protected":false},"author":1,"featured_media":1438,"parent":0,"menu_order":0,"comment_status":"closed","ping_status":"closed","template":"","meta":{"_acf_changed":false,"footnotes":""},"class_list":["post-1436","page","type-page","status-publish","has-post-thumbnail","hentry"],"acf":[],"yoast_head":"<!-- This site is optimized with the Yoast SEO plugin v27.1.1 - https:\/\/yoast.com\/product\/yoast-seo-wordpress\/ -->\n<title>The 2021 Year-Long Group - ISAIL - Institut f\u00fcr Systemaufstellungen und Integrative L\u00f6sungen W\u00fcrzburg<\/title>\n<meta name=\"robots\" content=\"index, follow, max-snippet:-1, max-image-preview:large, max-video-preview:-1\" \/>\n<link rel=\"canonical\" href=\"https:\/\/mahrsysteme.de\/jahresgruppe-2021\/?lang=en\" \/>\n<meta property=\"og:locale\" content=\"en_US\" \/>\n<meta property=\"og:type\" content=\"article\" \/>\n<meta property=\"og:title\" content=\"The 2021 Year-Long Group - ISAIL - Institut f\u00fcr Systemaufstellungen und Integrative L\u00f6sungen W\u00fcrzburg\" \/>\n<meta property=\"og:description\" content=\"In life-phases that are moving our heart The year-long group for system constellations is a personal and professional training in five modules comprising systemic constellation work, depth psychological and spiritual theory and practice. It is designed for people who are in a particularly important phase of their lives and who seek deeper understanding of their &hellip; Continue reading &quot;The 2021 Year-Long Group&quot;\" \/>\n<meta property=\"og:url\" content=\"https:\/\/mahrsysteme.de\/jahresgruppe-2021\/?lang=en\" \/>\n<meta property=\"og:site_name\" content=\"ISAIL - Institut f\u00fcr Systemaufstellungen und Integrative L\u00f6sungen W\u00fcrzburg\" \/>\n<meta property=\"article:modified_time\" content=\"2019-12-20T10:54:47+00:00\" \/>\n<meta property=\"og:image\" content=\"https:\/\/mahrsysteme.de\/wp-content\/uploads\/2016\/11\/nabel.jpg\" \/>\n\t<meta property=\"og:image:width\" content=\"602\" \/>\n\t<meta property=\"og:image:height\" content=\"353\" \/>\n\t<meta property=\"og:image:type\" content=\"image\/jpeg\" \/>\n<meta name=\"twitter:card\" content=\"summary_large_image\" \/>\n<meta name=\"twitter:label1\" content=\"Est. reading time\" \/>\n\t<meta name=\"twitter:data1\" content=\"2 minutes\" \/>\n<script type=\"application\/ld+json\" class=\"yoast-schema-graph\">{\"@context\":\"https:\/\/schema.org\",\"@graph\":[{\"@type\":\"WebPage\",\"@id\":\"https:\/\/mahrsysteme.de\/jahresgruppe-2021\/?lang=en\",\"url\":\"https:\/\/mahrsysteme.de\/jahresgruppe-2021\/?lang=en\",\"name\":\"The 2021 Year-Long Group - ISAIL - Institut f\u00fcr Systemaufstellungen und Integrative L\u00f6sungen W\u00fcrzburg\",\"isPartOf\":{\"@id\":\"https:\/\/mahrsysteme.de\/#website\"},\"primaryImageOfPage\":{\"@id\":\"https:\/\/mahrsysteme.de\/jahresgruppe-2021\/?lang=en#primaryimage\"},\"image\":{\"@id\":\"https:\/\/mahrsysteme.de\/jahresgruppe-2021\/?lang=en#primaryimage\"},\"thumbnailUrl\":\"https:\/\/mahrsysteme.de\/wp-content\/uploads\/2016\/11\/nabel.jpg\",\"datePublished\":\"2019-12-17T09:55:49+00:00\",\"dateModified\":\"2019-12-20T10:54:47+00:00\",\"breadcrumb\":{\"@id\":\"https:\/\/mahrsysteme.de\/jahresgruppe-2021\/?lang=en#breadcrumb\"},\"inLanguage\":\"en-US\",\"potentialAction\":[{\"@type\":\"ReadAction\",\"target\":[\"https:\/\/mahrsysteme.de\/jahresgruppe-2021\/?lang=en\"]}]},{\"@type\":\"ImageObject\",\"inLanguage\":\"en-US\",\"@id\":\"https:\/\/mahrsysteme.de\/jahresgruppe-2021\/?lang=en#primaryimage\",\"url\":\"https:\/\/mahrsysteme.de\/wp-content\/uploads\/2016\/11\/nabel.jpg\",\"contentUrl\":\"https:\/\/mahrsysteme.de\/wp-content\/uploads\/2016\/11\/nabel.jpg\",\"width\":602,\"height\":353},{\"@type\":\"BreadcrumbList\",\"@id\":\"https:\/\/mahrsysteme.de\/jahresgruppe-2021\/?lang=en#breadcrumb\",\"itemListElement\":[{\"@type\":\"ListItem\",\"position\":1,\"name\":\"Start\",\"item\":\"https:\/\/mahrsysteme.de\/?lang=en\"},{\"@type\":\"ListItem\",\"position\":2,\"name\":\"The 2021 Year-Long Group\"}]},{\"@type\":\"WebSite\",\"@id\":\"https:\/\/mahrsysteme.de\/#website\",\"url\":\"https:\/\/mahrsysteme.de\/\",\"name\":\"ISAIL - Institut f\u00fcr Systemaufstellungen und Integrative L\u00f6sungen W\u00fcrzburg\",\"description\":\"\",\"potentialAction\":[{\"@type\":\"SearchAction\",\"target\":{\"@type\":\"EntryPoint\",\"urlTemplate\":\"https:\/\/mahrsysteme.de\/?s={search_term_string}\"},\"query-input\":{\"@type\":\"PropertyValueSpecification\",\"valueRequired\":true,\"valueName\":\"search_term_string\"}}],\"inLanguage\":\"en-US\"}]}<\/script>\n<!-- \/ Yoast SEO plugin. -->","yoast_head_json":{"title":"The 2021 Year-Long Group - ISAIL - Institut f\u00fcr Systemaufstellungen und Integrative L\u00f6sungen W\u00fcrzburg","robots":{"index":"index","follow":"follow","max-snippet":"max-snippet:-1","max-image-preview":"max-image-preview:large","max-video-preview":"max-video-preview:-1"},"canonical":"https:\/\/mahrsysteme.de\/jahresgruppe-2021\/?lang=en","og_locale":"en_US","og_type":"article","og_title":"The 2021 Year-Long Group - ISAIL - Institut f\u00fcr Systemaufstellungen und Integrative L\u00f6sungen W\u00fcrzburg","og_description":"In life-phases that are moving our heart The year-long group for system constellations is a personal and professional training in five modules comprising systemic constellation work, depth psychological and spiritual theory and practice. It is designed for people who are in a particularly important phase of their lives and who seek deeper understanding of their &hellip; Continue reading \"The 2021 Year-Long Group\"","og_url":"https:\/\/mahrsysteme.de\/jahresgruppe-2021\/?lang=en","og_site_name":"ISAIL - Institut f\u00fcr Systemaufstellungen und Integrative L\u00f6sungen W\u00fcrzburg","article_modified_time":"2019-12-20T10:54:47+00:00","og_image":[{"width":602,"height":353,"url":"https:\/\/mahrsysteme.de\/wp-content\/uploads\/2016\/11\/nabel.jpg","type":"image\/jpeg"}],"twitter_card":"summary_large_image","twitter_misc":{"Est. reading time":"2 minutes"},"schema":{"@context":"https:\/\/schema.org","@graph":[{"@type":"WebPage","@id":"https:\/\/mahrsysteme.de\/jahresgruppe-2021\/?lang=en","url":"https:\/\/mahrsysteme.de\/jahresgruppe-2021\/?lang=en","name":"The 2021 Year-Long Group - ISAIL - Institut f\u00fcr Systemaufstellungen und Integrative L\u00f6sungen W\u00fcrzburg","isPartOf":{"@id":"https:\/\/mahrsysteme.de\/#website"},"primaryImageOfPage":{"@id":"https:\/\/mahrsysteme.de\/jahresgruppe-2021\/?lang=en#primaryimage"},"image":{"@id":"https:\/\/mahrsysteme.de\/jahresgruppe-2021\/?lang=en#primaryimage"},"thumbnailUrl":"https:\/\/mahrsysteme.de\/wp-content\/uploads\/2016\/11\/nabel.jpg","datePublished":"2019-12-17T09:55:49+00:00","dateModified":"2019-12-20T10:54:47+00:00","breadcrumb":{"@id":"https:\/\/mahrsysteme.de\/jahresgruppe-2021\/?lang=en#breadcrumb"},"inLanguage":"en-US","potentialAction":[{"@type":"ReadAction","target":["https:\/\/mahrsysteme.de\/jahresgruppe-2021\/?lang=en"]}]},{"@type":"ImageObject","inLanguage":"en-US","@id":"https:\/\/mahrsysteme.de\/jahresgruppe-2021\/?lang=en#primaryimage","url":"https:\/\/mahrsysteme.de\/wp-content\/uploads\/2016\/11\/nabel.jpg","contentUrl":"https:\/\/mahrsysteme.de\/wp-content\/uploads\/2016\/11\/nabel.jpg","width":602,"height":353},{"@type":"BreadcrumbList","@id":"https:\/\/mahrsysteme.de\/jahresgruppe-2021\/?lang=en#breadcrumb","itemListElement":[{"@type":"ListItem","position":1,"name":"Start","item":"https:\/\/mahrsysteme.de\/?lang=en"},{"@type":"ListItem","position":2,"name":"The 2021 Year-Long Group"}]},{"@type":"WebSite","@id":"https:\/\/mahrsysteme.de\/#website","url":"https:\/\/mahrsysteme.de\/","name":"ISAIL - Institut f\u00fcr Systemaufstellungen und Integrative L\u00f6sungen W\u00fcrzburg","description":"","potentialAction":[{"@type":"SearchAction","target":{"@type":"EntryPoint","urlTemplate":"https:\/\/mahrsysteme.de\/?s={search_term_string}"},"query-input":{"@type":"PropertyValueSpecification","valueRequired":true,"valueName":"search_term_string"}}],"inLanguage":"en-US"}]}},"_links":{"self":[{"href":"https:\/\/mahrsysteme.de\/en\/wp-json\/wp\/v2\/pages\/1436","targetHints":{"allow":["GET"]}}],"collection":[{"href":"https:\/\/mahrsysteme.de\/en\/wp-json\/wp\/v2\/pages"}],"about":[{"href":"https:\/\/mahrsysteme.de\/en\/wp-json\/wp\/v2\/types\/page"}],"author":[{"embeddable":true,"href":"https:\/\/mahrsysteme.de\/en\/wp-json\/wp\/v2\/users\/1"}],"replies":[{"embeddable":true,"href":"https:\/\/mahrsysteme.de\/en\/wp-json\/wp\/v2\/comments?post=1436"}],"version-history":[{"count":0,"href":"https:\/\/mahrsysteme.de\/en\/wp-json\/wp\/v2\/pages\/1436\/revisions"}],"wp:featuredmedia":[{"embeddable":true,"href":"https:\/\/mahrsysteme.de\/en\/wp-json\/wp\/v2\/media\/1438"}],"wp:attachment":[{"href":"https:\/\/mahrsysteme.de\/en\/wp-json\/wp\/v2\/media?parent=1436"}],"curies":[{"name":"wp","href":"https:\/\/api.w.org\/{rel}","templated":true}]}}